{"id":11751,"date":"2026-02-03T16:47:48","date_gmt":"2026-02-03T16:47:48","guid":{"rendered":"https:\/\/lanavarra.es\/carpinteria-la-navarra\/"},"modified":"2026-02-16T12:07:00","modified_gmt":"2026-02-16T12:07:00","slug":"carpinteria-la-navarra","status":"publish","type":"page","link":"https:\/\/lanavarra.es\/en\/","title":{"rendered":"Carpinter\u00eda La Navarra"},"content":{"rendered":"\t\t<div data-elementor-type=\"wp-page\" data-elementor-id=\"11751\" class=\"elementor elementor-11751 elementor-4344\" data-elementor-post-type=\"page\">\n\t\t\t\t<div class=\"elementor-element elementor-element-43a1a7a e-flex e-con-boxed e-con e-parent\" data-id=\"43a1a7a\" data-element_type=\"container\" data-e-type=\"container\">\n\t\t\t\t\t<div class=\"e-con-inner\">\n\t\t<div class=\"elementor-element elementor-element-3722320 e-con-full e-flex e-con e-child\" data-id=\"3722320\" data-element_type=\"container\" data-e-type=\"container\">\n\t\t\t\t<div class=\"elementor-element elementor-element-1487c81 elementor-widget elementor-widget-heading\" data-id=\"1487c81\" data-element_type=\"widget\" data-e-type=\"widget\" data-widget_type=\"heading.default\">\n\t\t\t\t\t<h1 class=\"elementor-heading-title elementor-size-default\">Carpinteria<br><span class=\"rojo\">La Navarra<\/span><\/h1>\t\t\t\t<\/div>\n\t\t\t\t<div class=\"elementor-element elementor-element-17b7cb8 elementor-widget elementor-widget-text-editor\" data-id=\"17b7cb8\" data-element_type=\"widget\" data-e-type=\"widget\" data-widget_type=\"text-editor.default\">\n\t\t\t\t\t\t\t\t\t<p>Carpinter\u00eda La Navarra is a company founded in 1941 and became Ltc. In 1957, specialized in unique and complex execution projects.Carpinter\u00eda La Navarra, es una empresa fundada en 1.941, y constituida como S.L. en 1957, especializada desde su fundaci\u00f3n en obras singulares y de compleja ejecuci\u00f3n.<\/p><p>La Navarra reaches from projects development and prototypes production, to manufacture and assembly of most diverse joinery works, regardless size or complexity.Se abarca desde el desarrollo de proyectos y la realizaci\u00f3n de prototipos, hasta la fabricaci\u00f3n y montaje de las m\u00e1s diversas obras de carpinter\u00eda y ebanister\u00eda, independientemente de su volumen y nivel de complejidad.<\/p><p>Our manufacturing process is quality certified with ISO 9001\u00ad2000 and our products are identified with Tallar \u00ae trade mark.El proceso de fabricaci\u00f3n est\u00e1 acreditado con Certificaci\u00f3n ISO 9001-2000 y nuestros productos identificados con la marca Tallar \u00ae<\/p>\t\t\t\t\t\t\t\t<\/div>\n\t\t\t\t<\/div>\n\t\t<div class=\"elementor-element elementor-element-63e18ae e-con-full e-flex e-con e-child\" data-id=\"63e18ae\" data-element_type=\"container\" data-e-type=\"container\">\n\t\t\t\t<div class=\"elementor-element elementor-element-ffcdd32 elementor-widget-tablet__width-inherit elementor-widget elementor-widget-image\" data-id=\"ffcdd32\" data-element_type=\"widget\" data-e-type=\"widget\" data-widget_type=\"image.default\">\n\t\t\t\t\t\t\t\t\t\t\t\t\t\t\t<img fetchpriority=\"high\" decoding=\"async\" width=\"768\" height=\"576\" src=\"https:\/\/lanavarra.es\/wp-content\/uploads\/2024\/07\/2003_Maqueta-Museo-de-Cantabria_IFEMA-Madrid_Mansilla-y-Tunon-Arquitectos-768x576.jpg\" class=\"attachment-medium_large size-medium_large wp-image-11747\" alt=\"2003_Maqueta Museo de Cantabria_IFEMA Madrid_Mansilla y Tu\u00f1\u00f3n, Arquitectos\" srcset=\"https:\/\/lanavarra.es\/wp-content\/uploads\/2024\/07\/2003_Maqueta-Museo-de-Cantabria_IFEMA-Madrid_Mansilla-y-Tunon-Arquitectos-768x576.jpg 768w, https:\/\/lanavarra.es\/wp-content\/uploads\/2024\/07\/2003_Maqueta-Museo-de-Cantabria_IFEMA-Madrid_Mansilla-y-Tunon-Arquitectos-300x225.jpg 300w, https:\/\/lanavarra.es\/wp-content\/uploads\/2024\/07\/2003_Maqueta-Museo-de-Cantabria_IFEMA-Madrid_Mansilla-y-Tunon-Arquitectos-1024x768.jpg 1024w, https:\/\/lanavarra.es\/wp-content\/uploads\/2024\/07\/2003_Maqueta-Museo-de-Cantabria_IFEMA-Madrid_Mansilla-y-Tunon-Arquitectos-1536x1152.jpg 1536w, https:\/\/lanavarra.es\/wp-content\/uploads\/2024\/07\/2003_Maqueta-Museo-de-Cantabria_IFEMA-Madrid_Mansilla-y-Tunon-Arquitectos.jpg 1600w\" sizes=\"(max-width: 768px) 100vw, 768px\" \/>\t\t\t\t\t\t\t\t\t\t\t\t\t\t\t<\/div>\n\t\t\t\t<\/div>\n\t\t\t\t\t<\/div>\n\t\t\t\t<\/div>\n\t\t<div class=\"elementor-element elementor-element-619cbe43 e-con-full e-flex e-con e-parent\" data-id=\"619cbe43\" data-element_type=\"container\" data-e-type=\"container\" data-settings=\"{&quot;background_background&quot;:&quot;classic&quot;}\">\n\t\t<div class=\"elementor-element elementor-element-4e1a0ee e-con-full e-flex e-con e-child\" data-id=\"4e1a0ee\" data-element_type=\"container\" data-e-type=\"container\">\n\t\t\t\t<div class=\"elementor-element elementor-element-861ac7a elementor-widget-tablet__width-inherit elementor-widget elementor-widget-heading\" data-id=\"861ac7a\" data-element_type=\"widget\" data-e-type=\"widget\" data-widget_type=\"heading.default\">\n\t\t\t\t\t<h2 class=\"elementor-heading-title elementor-size-default\">Works<\/h2>\t\t\t\t<\/div>\n\t\t\t\t<div class=\"elementor-element elementor-element-8a3a407 elementor-widget elementor-widget-text-editor\" data-id=\"8a3a407\" data-element_type=\"widget\" data-e-type=\"widget\" data-widget_type=\"text-editor.default\">\n\t\t\t\t\t\t\t\t\t<p>Throughout its history, Carpinter\u00eda La Navarra has carried out carpentry and cabinetmaking projects for all types of spaces, adapting to the technical, aesthetic, and functional requirements of each project.<\/p>\t\t\t\t\t\t\t\t<\/div>\n\t\t\t\t<\/div>\n\t\t<div class=\"elementor-element elementor-element-f790b6c e-con-full e-flex e-con e-child\" data-id=\"f790b6c\" data-element_type=\"container\" data-e-type=\"container\">\n\t\t\t\t<div class=\"elementor-element elementor-element-f7368bb elementor-grid-5 elementor-grid-tablet-2 elementor-grid-mobile-1 elementor-widget elementor-widget-loop-grid\" data-id=\"f7368bb\" data-element_type=\"widget\" data-e-type=\"widget\" data-settings=\"{&quot;template_id&quot;:11399,&quot;columns&quot;:5,&quot;_skin&quot;:&quot;post&quot;,&quot;columns_tablet&quot;:&quot;2&quot;,&quot;columns_mobile&quot;:&quot;1&quot;,&quot;edit_handle_selector&quot;:&quot;[data-elementor-type=\\&quot;loop-item\\&quot;]&quot;,&quot;row_gap&quot;:{&quot;unit&quot;:&quot;px&quot;,&quot;size&quot;:&quot;&quot;,&quot;sizes&quot;:[]},&quot;row_gap_tablet&quot;:{&quot;unit&quot;:&quot;px&quot;,&quot;size&quot;:&quot;&quot;,&quot;sizes&quot;:[]},&quot;row_gap_mobile&quot;:{&quot;unit&quot;:&quot;px&quot;,&quot;size&quot;:&quot;&quot;,&quot;sizes&quot;:[]}}\" data-widget_type=\"loop-grid.post\">\n\t\t\t\t<div class=\"elementor-widget-container\">\n\t\t\t\t\t\t\t<div class=\"elementor-loop-container elementor-grid\" role=\"list\">\n\t\t<style id=\"loop-11399\">.elementor-11399 .elementor-element.elementor-element-c75f2c2{--display:flex;--flex-direction:column;--container-widget-width:100%;--container-widget-height:initial;--container-widget-flex-grow:0;--container-widget-align-self:initial;--flex-wrap-mobile:wrap;--justify-content:space-between;--border-radius:20px 20px 20px 20px;--padding-top:20px;--padding-bottom:20px;--padding-left:20px;--padding-right:20px;}.elementor-11399 .elementor-element.elementor-element-c75f2c2:hover::before, .elementor-11399 .elementor-element.elementor-element-c75f2c2:hover > .elementor-background-video-container::before, .elementor-11399 .elementor-element.elementor-element-c75f2c2:hover > .e-con-inner > .elementor-background-video-container::before, .elementor-11399 .elementor-element.elementor-element-c75f2c2 > .elementor-background-slideshow:hover::before, .elementor-11399 .elementor-element.elementor-element-c75f2c2 > .e-con-inner > .elementor-background-slideshow:hover::before{--background-overlay:'';background-color:#DDDDDD;}.elementor-11399 .elementor-element.elementor-element-c75f2c2:hover{--overlay-opacity:0.5;}.elementor-widget-image .widget-image-caption{color:var( --e-global-color-text );font-family:var( --e-global-typography-text-font-family ), Sans-serif;font-weight:var( --e-global-typography-text-font-weight );}.elementor-11399 .elementor-element.elementor-element-399413b img{width:30%;}.elementor-widget-heading .elementor-heading-title{font-family:var( --e-global-typography-primary-font-family ), Sans-serif;font-weight:var( --e-global-typography-primary-font-weight );color:var( --e-global-color-primary );}.elementor-11399 .elementor-element.elementor-element-61ae15c{text-align:center;}.elementor-11399 .elementor-element.elementor-element-61ae15c .elementor-heading-title{font-family:\"Roboto\", Sans-serif;font-size:18px;font-weight:600;}.elementor-11399 .elementor-element.elementor-element-2af3e56 .elementor-heading-title{font-family:var( --e-global-typography-text-font-family ), Sans-serif;font-weight:var( --e-global-typography-text-font-weight );color:var( --e-global-color-secondary );}<\/style>\t\t<div data-elementor-type=\"loop-item\" data-elementor-id=\"11399\" class=\"elementor elementor-11399 e-loop-item e-loop-item-11755 post-11755 page type-page status-publish has-post-thumbnail hentry\" data-elementor-post-type=\"elementor_library\" data-custom-edit-handle=\"1\">\n\t\t\t<a class=\"elementor-element elementor-element-c75f2c2 e-flex e-con-boxed e-con e-parent\" data-id=\"c75f2c2\" data-element_type=\"container\" data-e-type=\"container\" href=\"https:\/\/lanavarra.es\/en\/works\/offices\/\">\n\t\t\t\t\t<div class=\"e-con-inner\">\n\t\t\t\t<div class=\"elementor-element elementor-element-399413b elementor-widget elementor-widget-image\" data-id=\"399413b\" data-element_type=\"widget\" data-e-type=\"widget\" data-widget_type=\"image.default\">\n\t\t\t\t\t\t\t\t\t\t\t\t\t\t\t<img decoding=\"async\" width=\"227\" height=\"227\" src=\"https:\/\/lanavarra.es\/wp-content\/uploads\/2026\/02\/ofcinas-ico.svg\" class=\"attachment-large size-large wp-image-11754\" alt=\"\" \/>\t\t\t\t\t\t\t\t\t\t\t\t\t\t\t<\/div>\n\t\t\t\t<div class=\"elementor-element elementor-element-61ae15c elementor-widget elementor-widget-heading\" data-id=\"61ae15c\" data-element_type=\"widget\" data-e-type=\"widget\" data-widget_type=\"heading.default\">\n\t\t\t\t\t<h2 class=\"elementor-heading-title elementor-size-default\">Offices<\/h2>\t\t\t\t<\/div>\n\t\t\t\t<div class=\"elementor-element elementor-element-2af3e56 elementor-widget elementor-widget-heading\" data-id=\"2af3e56\" data-element_type=\"widget\" data-e-type=\"widget\" data-widget_type=\"heading.default\">\n\t\t\t\t\t<div class=\"elementor-heading-title elementor-size-default\">Carpentry solutions that optimize space and reinforce corporate identity.<\/div>\t\t\t\t<\/div>\n\t\t\t\t\t<\/div>\n\t\t\t\t<\/a>\n\t\t\t\t<\/div>\n\t\t\t\t<div data-elementor-type=\"loop-item\" data-elementor-id=\"11399\" class=\"elementor elementor-11399 e-loop-item e-loop-item-11765 post-11765 page type-page status-publish has-post-thumbnail hentry\" data-elementor-post-type=\"elementor_library\" data-custom-edit-handle=\"1\">\n\t\t\t<a class=\"elementor-element elementor-element-c75f2c2 e-flex e-con-boxed e-con e-parent\" data-id=\"c75f2c2\" data-element_type=\"container\" data-e-type=\"container\" href=\"https:\/\/lanavarra.es\/en\/works\/homes\/\">\n\t\t\t\t\t<div class=\"e-con-inner\">\n\t\t\t\t<div class=\"elementor-element elementor-element-399413b elementor-widget elementor-widget-image\" data-id=\"399413b\" data-element_type=\"widget\" data-e-type=\"widget\" data-widget_type=\"image.default\">\n\t\t\t\t\t\t\t\t\t\t\t\t\t\t\t<img decoding=\"async\" width=\"230\" height=\"227\" src=\"https:\/\/lanavarra.es\/wp-content\/uploads\/2026\/02\/viviendas-ico.svg\" class=\"attachment-large size-large wp-image-11764\" alt=\"\" \/>\t\t\t\t\t\t\t\t\t\t\t\t\t\t\t<\/div>\n\t\t\t\t<div class=\"elementor-element elementor-element-61ae15c elementor-widget elementor-widget-heading\" data-id=\"61ae15c\" data-element_type=\"widget\" data-e-type=\"widget\" data-widget_type=\"heading.default\">\n\t\t\t\t\t<h2 class=\"elementor-heading-title elementor-size-default\">Homes<\/h2>\t\t\t\t<\/div>\n\t\t\t\t<div class=\"elementor-element elementor-element-2af3e56 elementor-widget elementor-widget-heading\" data-id=\"2af3e56\" data-element_type=\"widget\" data-e-type=\"widget\" data-widget_type=\"heading.default\">\n\t\t\t\t\t<div class=\"elementor-heading-title elementor-size-default\">Custom carpentry designed for everyday use and attention to detail.<\/div>\t\t\t\t<\/div>\n\t\t\t\t\t<\/div>\n\t\t\t\t<\/a>\n\t\t\t\t<\/div>\n\t\t\t\t<div data-elementor-type=\"loop-item\" data-elementor-id=\"11399\" class=\"elementor elementor-11399 e-loop-item e-loop-item-11774 post-11774 page type-page status-publish has-post-thumbnail hentry\" data-elementor-post-type=\"elementor_library\" data-custom-edit-handle=\"1\">\n\t\t\t<a class=\"elementor-element elementor-element-c75f2c2 e-flex e-con-boxed e-con e-parent\" data-id=\"c75f2c2\" data-element_type=\"container\" data-e-type=\"container\" href=\"https:\/\/lanavarra.es\/en\/works\/hotels-and-commercial-spaces\/\">\n\t\t\t\t\t<div class=\"e-con-inner\">\n\t\t\t\t<div class=\"elementor-element elementor-element-399413b elementor-widget elementor-widget-image\" data-id=\"399413b\" data-element_type=\"widget\" data-e-type=\"widget\" data-widget_type=\"image.default\">\n\t\t\t\t\t\t\t\t\t\t\t\t\t\t\t<img loading=\"lazy\" decoding=\"async\" width=\"227\" height=\"227\" src=\"https:\/\/lanavarra.es\/wp-content\/uploads\/2026\/02\/hotel-ico.svg\" class=\"attachment-large size-large wp-image-11772\" alt=\"\" \/>\t\t\t\t\t\t\t\t\t\t\t\t\t\t\t<\/div>\n\t\t\t\t<div class=\"elementor-element elementor-element-61ae15c elementor-widget elementor-widget-heading\" data-id=\"61ae15c\" data-element_type=\"widget\" data-e-type=\"widget\" data-widget_type=\"heading.default\">\n\t\t\t\t\t<h2 class=\"elementor-heading-title elementor-size-default\">Hotels and Commercial Spaces<\/h2>\t\t\t\t<\/div>\n\t\t\t\t<div class=\"elementor-element elementor-element-2af3e56 elementor-widget elementor-widget-heading\" data-id=\"2af3e56\" data-element_type=\"widget\" data-e-type=\"widget\" data-widget_type=\"heading.default\">\n\t\t\t\t\t<div class=\"elementor-heading-title elementor-size-default\">Projects designed for high-traffic areas with demanding aesthetic requirements.<\/div>\t\t\t\t<\/div>\n\t\t\t\t\t<\/div>\n\t\t\t\t<\/a>\n\t\t\t\t<\/div>\n\t\t\t\t<div data-elementor-type=\"loop-item\" data-elementor-id=\"11399\" class=\"elementor elementor-11399 e-loop-item e-loop-item-11777 post-11777 page type-page status-publish has-post-thumbnail hentry\" data-elementor-post-type=\"elementor_library\" data-custom-edit-handle=\"1\">\n\t\t\t<a class=\"elementor-element elementor-element-c75f2c2 e-flex e-con-boxed e-con e-parent\" data-id=\"c75f2c2\" data-element_type=\"container\" data-e-type=\"container\" href=\"https:\/\/lanavarra.es\/en\/works\/libraries-auditoriums-and-landmark-buildings\/\">\n\t\t\t\t\t<div class=\"e-con-inner\">\n\t\t\t\t<div class=\"elementor-element elementor-element-399413b elementor-widget elementor-widget-image\" data-id=\"399413b\" data-element_type=\"widget\" data-e-type=\"widget\" data-widget_type=\"image.default\">\n\t\t\t\t\t\t\t\t\t\t\t\t\t\t\t<img loading=\"lazy\" decoding=\"async\" width=\"227\" height=\"188\" src=\"https:\/\/lanavarra.es\/wp-content\/uploads\/2026\/02\/biblioteca-ico.svg\" class=\"attachment-large size-large wp-image-11776\" alt=\"\" \/>\t\t\t\t\t\t\t\t\t\t\t\t\t\t\t<\/div>\n\t\t\t\t<div class=\"elementor-element elementor-element-61ae15c elementor-widget elementor-widget-heading\" data-id=\"61ae15c\" data-element_type=\"widget\" data-e-type=\"widget\" data-widget_type=\"heading.default\">\n\t\t\t\t\t<h2 class=\"elementor-heading-title elementor-size-default\">Libraries, Auditoriums, and Landmark Buildings<\/h2>\t\t\t\t<\/div>\n\t\t\t\t<div class=\"elementor-element elementor-element-2af3e56 elementor-widget elementor-widget-heading\" data-id=\"2af3e56\" data-element_type=\"widget\" data-e-type=\"widget\" data-widget_type=\"heading.default\">\n\t\t\t\t\t<div class=\"elementor-heading-title elementor-size-default\">Technical interventions in public spaces of particular complexity.<\/div>\t\t\t\t<\/div>\n\t\t\t\t\t<\/div>\n\t\t\t\t<\/a>\n\t\t\t\t<\/div>\n\t\t\t\t<div data-elementor-type=\"loop-item\" data-elementor-id=\"11399\" class=\"elementor elementor-11399 e-loop-item e-loop-item-11780 post-11780 page type-page status-publish has-post-thumbnail hentry\" data-elementor-post-type=\"elementor_library\" data-custom-edit-handle=\"1\">\n\t\t\t<a class=\"elementor-element elementor-element-c75f2c2 e-flex e-con-boxed e-con e-parent\" data-id=\"c75f2c2\" data-element_type=\"container\" data-e-type=\"container\" href=\"https:\/\/lanavarra.es\/en\/works\/museums-and-exhibitions\/\">\n\t\t\t\t\t<div class=\"e-con-inner\">\n\t\t\t\t<div class=\"elementor-element elementor-element-399413b elementor-widget elementor-widget-image\" data-id=\"399413b\" data-element_type=\"widget\" data-e-type=\"widget\" data-widget_type=\"image.default\">\n\t\t\t\t\t\t\t\t\t\t\t\t\t\t\t<img loading=\"lazy\" decoding=\"async\" width=\"227\" height=\"227\" src=\"https:\/\/lanavarra.es\/wp-content\/uploads\/2026\/02\/museo-ico.svg\" class=\"attachment-large size-large wp-image-11779\" alt=\"\" \/>\t\t\t\t\t\t\t\t\t\t\t\t\t\t\t<\/div>\n\t\t\t\t<div class=\"elementor-element elementor-element-61ae15c elementor-widget elementor-widget-heading\" data-id=\"61ae15c\" data-element_type=\"widget\" data-e-type=\"widget\" data-widget_type=\"heading.default\">\n\t\t\t\t\t<h2 class=\"elementor-heading-title elementor-size-default\">Museums and Exhibitions<\/h2>\t\t\t\t<\/div>\n\t\t\t\t<div class=\"elementor-element elementor-element-2af3e56 elementor-widget elementor-widget-heading\" data-id=\"2af3e56\" data-element_type=\"widget\" data-e-type=\"widget\" data-widget_type=\"heading.default\">\n\t\t\t\t\t<div class=\"elementor-heading-title elementor-size-default\">Exhibition elements that highlight the content.<\/div>\t\t\t\t<\/div>\n\t\t\t\t\t<\/div>\n\t\t\t\t<\/a>\n\t\t\t\t<\/div>\n\t\t\t\t<\/div>\n\t\t\n\t\t\t\t\t\t<\/div>\n\t\t\t\t<\/div>\n\t\t\t\t<\/div>\n\t\t\t\t<\/div>\n\t\t\t\t<\/div>\n\t\t","protected":false},"excerpt":{"rendered":"<p>CarpinteriaLa Navarra Carpinter\u00eda La Navarra is a company founded in 1941 and became Ltc. In 1957, specialized in unique and complex execution projects.Carpinter\u00eda La Navarra, es una empresa fundada en 1.941, y constituida como S.L. en 1957, especializada desde su fundaci\u00f3n en obras singulares y de compleja ejecuci\u00f3n. La Navarra reaches from projects development and [&hellip;]<\/p>\n","protected":false},"author":1,"featured_media":0,"parent":0,"menu_order":13,"comment_status":"closed","ping_status":"closed","template":"","meta":{"footnotes":""},"class_list":["post-11751","page","type-page","status-publish","hentry"],"_links":{"self":[{"href":"https:\/\/lanavarra.es\/en\/wp-json\/wp\/v2\/pages\/11751","targetHints":{"allow":["GET"]}}],"collection":[{"href":"https:\/\/lanavarra.es\/en\/wp-json\/wp\/v2\/pages"}],"about":[{"href":"https:\/\/lanavarra.es\/en\/wp-json\/wp\/v2\/types\/page"}],"author":[{"embeddable":true,"href":"https:\/\/lanavarra.es\/en\/wp-json\/wp\/v2\/users\/1"}],"replies":[{"embeddable":true,"href":"https:\/\/lanavarra.es\/en\/wp-json\/wp\/v2\/comments?post=11751"}],"version-history":[{"count":2,"href":"https:\/\/lanavarra.es\/en\/wp-json\/wp\/v2\/pages\/11751\/revisions"}],"predecessor-version":[{"id":11753,"href":"https:\/\/lanavarra.es\/en\/wp-json\/wp\/v2\/pages\/11751\/revisions\/11753"}],"wp:attachment":[{"href":"https:\/\/lanavarra.es\/en\/wp-json\/wp\/v2\/media?parent=11751"}],"curies":[{"name":"wp","href":"https:\/\/api.w.org\/{rel}","templated":true}]}}